{"id":31954,"date":"2025-06-27T09:55:01","date_gmt":"2025-06-27T07:55:01","guid":{"rendered":"https:\/\/xn--diewrnergrtner-eib6z.de\/produkte\/?page_id=31954"},"modified":"2025-06-27T10:00:43","modified_gmt":"2025-06-27T08:00:43","slug":"erklaerung-barrierefreiheit","status":"publish","type":"page","link":"https:\/\/xn--diewrnergrtner-eib6z.de\/produkte\/erklaerung-barrierefreiheit\/","title":{"rendered":"Erkl\u00e4rung zur Barrierefreiheit"},"content":{"rendered":"<p>[et_pb_section fb_built=&#8220;1&#8243; _builder_version=&#8220;4.27.4&#8243; _module_preset=&#8220;default&#8220; use_background_color_gradient=&#8220;on&#8220; background_color_gradient_direction=&#8220;73deg&#8220; background_color_gradient_stops=&#8220;#0076bd 13%|rgba(41,196,169,0) 67%&#8220; background_color_gradient_overlays_image=&#8220;on&#8220; background_color_gradient_start=&#8220;#0076bd&#8220; background_color_gradient_start_position=&#8220;13%&#8220; background_color_gradient_end=&#8220;rgba(41,196,169,0)&#8220; background_color_gradient_end_position=&#8220;67%&#8220; background_image=&#8220;https:\/\/xn--diewrnergrtner-eib6z.de\/produkte\/wp-content\/uploads\/2021\/10\/kunst-bepflanzung-woerner.jpg&#8220; height=&#8220;350px&#8220; height_last_edited=&#8220;off|desktop&#8220; hover_enabled=&#8220;0&#8243; global_colors_info=&#8220;{}&#8220; locked=&#8220;off&#8220; theme_builder_area=&#8220;post_content&#8220; admin_label=&#8220;Header&#8220; sticky_enabled=&#8220;0&#8243;][et_pb_row _builder_version=&#8220;4.16&#8243; _module_preset=&#8220;default&#8220; custom_margin=&#8220;3%||||false|false&#8220; global_colors_info=&#8220;{}&#8220; theme_builder_area=&#8220;post_content&#8220;][et_pb_column type=&#8220;4_4&#8243; _builder_version=&#8220;4.16&#8243; _module_preset=&#8220;default&#8220; global_colors_info=&#8220;{}&#8220; theme_builder_area=&#8220;post_content&#8220;][et_pb_text _builder_version=&#8220;4.27.4&#8243; _module_preset=&#8220;default&#8220; text_font=&#8220;||||||||&#8220; text_font_size=&#8220;20px&#8220; header_font=&#8220;|600|||||||&#8220; header_font_size=&#8220;35px&#8220; background_layout=&#8220;dark&#8220; width=&#8220;75%&#8220; hover_enabled=&#8220;0&#8243; header_font_size_tablet=&#8220;&#8220; header_font_size_phone=&#8220;25px&#8220; header_font_size_last_edited=&#8220;on|phone&#8220; global_colors_info=&#8220;{}&#8220; theme_builder_area=&#8220;post_content&#8220; sticky_enabled=&#8220;0&#8243;]<\/p>\n<h1>Erkl\u00e4rung zur Barrierefreiheit<\/h1>\n<p>So machen wir unsere Website zug\u00e4nglich<\/p>\n<p>[\/et_pb_text][\/et_pb_column][\/et_pb_row][\/et_pb_section][et_pb_section fb_built=&#8220;1&#8243; theme_builder_area=&#8220;post_content&#8220; _builder_version=&#8220;4.27.4&#8243; _module_preset=&#8220;default&#8220;][et_pb_row _builder_version=&#8220;4.27.4&#8243; _module_preset=&#8220;default&#8220; theme_builder_area=&#8220;post_content&#8220;][et_pb_column _builder_version=&#8220;4.27.4&#8243; _module_preset=&#8220;default&#8220; type=&#8220;4_4&#8243; theme_builder_area=&#8220;post_content&#8220;][et_pb_text _builder_version=&#8220;4.27.4&#8243; _module_preset=&#8220;default&#8220; theme_builder_area=&#8220;post_content&#8220; hover_enabled=&#8220;0&#8243; sticky_enabled=&#8220;0&#8243;]Die Betreiber dieser Website m\u00f6chten, dass m\u00f6glichst viele Menschen die Inhalte auf gaertner-gregg.de einfach und selbstbestimmt nutzen k\u00f6nnen.<br \/>\nDaher bem\u00fchen wir uns, unsere Website barrierefrei zu gestalten \u2013 entsprechend den gesetzlichen Anforderungen der Barrierefreien-Informationstechnik-Verordnung (BITV 2.0) sowie des Behindertengleichstellungsgesetzes (BGG).<\/p>\n<h2>Stand der Barrierefreiheit<\/h2>\n<p>Diese Website ist teilweise barrierefrei.<br \/>\nDas bedeutet: Einige Funktionen und Inhalte sind bereits gut zug\u00e4nglich, andere werden noch optimiert.<\/p>\n<p>Unser Ziel ist es, die Nutzbarkeit der Website f\u00fcr alle Menschen kontinuierlich zu verbessern \u2013 insbesondere f\u00fcr:<\/p>\n<ul>\n<li>Menschen mit Sehbehinderungen oder Blindheit<\/li>\n<li>Menschen mit motorischen Einschr\u00e4nkungen<\/li>\n<li>Menschen mit kognitiven Einschr\u00e4nkungen<\/li>\n<li>Menschen mit H\u00f6rbeeintr\u00e4chtigungen<\/li>\n<li>Nutzer:innen von assistiven Technologien (z.\u202fB. Screenreader)<\/li>\n<\/ul>\n<h2>Noch bestehende Barrieren<\/h2>\n<p>Aktuell sind folgende Inhalte nicht vollst\u00e4ndig barrierefrei:<\/p>\n<ul>\n<li>Einige PDF-Dokumente<\/li>\n<li>Alternativtexte f\u00fcr einige Bilder fehlen oder sind nicht aussagekr\u00e4ftig<\/li>\n<li>Die Tastaturbedienung ist in bestimmten Bereichen noch eingeschr\u00e4nkt<\/li>\n<li>Multimediale Inhalte (z.\u202fB. Videos) sind nicht immer mit Untertiteln oder Audiodeskriptionen versehen<\/li>\n<li>Inhalte in Leichter Sprache und Geb\u00e4rdensprache sind nicht f\u00fcr alle Seiten verf\u00fcgbar<\/li>\n<\/ul>\n<p>Diese Punkte werden nach und nach \u00fcberarbeitet.<\/p>\n<h2>Kontakt und Feedback<\/h2>\n<p>Sollten Sie auf Barrieren sto\u00dfen oder Hinweise zur Verbesserung der Barrierefreiheit haben, freuen wir uns \u00fcber Ihre R\u00fcckmeldung.<\/p>\n<p><strong>Kontakt:<\/strong><strong><br \/>\n<\/strong>Herbert W\u00f6rner G\u00e4rtnerei GmbH<br \/>\nBenzstra\u00dfe 4<br \/>\n86420 Diedorf \/ Lettenbach<br \/>\nTel: <a href=\"tel:0821%20488 940\" title=\"Die W\u00f6rnerg\u00e4rtner anrufen\">0821 488 940<\/a><br \/>\nE-Mail: <a href=\"mailto:innenraumbegruenung@diewoernergaertner.de\" title=\"E-Mail Die W\u00f6rnerg\u00e4rtner\">innenraumbegruenung@diewoernergaertner.de&#8220; <\/a><\/p>\n<h2>Schlichtungsverfahren<\/h2>\n<p>Wenn Sie uns eine R\u00fcckmeldung zur Barrierefreiheit gegeben haben und keine zufriedenstellende Antwort erhalten, k\u00f6nnen Sie sich an die Schlichtungsstelle BGG wenden.<\/p>\n<p><strong>Kontakt zur Schlichtungsstelle:<\/strong><br \/>\nSchlichtungsstelle BGG<br \/>\nbei der Beauftragten der Bundesregierung f\u00fcr die Belange von Menschen mit Behinderungen<br \/>\nMauerstra\u00dfe 53, 10117 Berlin<br \/>\nTelefon: 030 18 527 2805<br \/>\nE-Mail: info@schlichtungsstelle-bgg.de<br \/>\nWebsite: www.schlichtungsstelle-bgg.de<\/p>\n<p>Stand der Erkl\u00e4rung: 27. Juni 2025[\/et_pb_text][\/et_pb_column][\/et_pb_row][\/et_pb_section]<\/p>\n","protected":false},"excerpt":{"rendered":"<p>Erkl\u00e4rung zur Barrierefreiheit So machen wir unsere Website zug\u00e4nglichDie Betreiber dieser Website m\u00f6chten, dass m\u00f6glichst viele Menschen die Inhalte auf gaertner-gregg.de einfach und selbstbestimmt nutzen k\u00f6nnen. Daher bem\u00fchen wir uns, unsere Website barrierefrei zu gestalten \u2013 entsprechend den gesetzlichen Anforderungen der Barrierefreien-Informationstechnik-Verordnung (BITV 2.0) sowie des Behindertengleichstellungsgesetzes (BGG). Stand der Barrierefreiheit Diese Website ist teilweise [&hellip;]<\/p>\n","protected":false},"author":2,"featured_media":0,"parent":0,"menu_order":0,"comment_status":"closed","ping_status":"closed","template":"","meta":{"_et_pb_use_builder":"on","_et_pb_old_content":"","_et_gb_content_width":"","footnotes":""},"class_list":["post-31954","page","type-page","status-publish","hentry"],"yoast_head":"<!-- This site is optimized with the Yoast SEO plugin v27.1.1 - https:\/\/yoast.com\/product\/yoast-seo-wordpress\/ -->\n<title>Erkl\u00e4rung zur Barrierefreiheit - Die W\u00f6rnerg\u00e4rtner - Produkte<\/title>\n<meta name=\"robots\" content=\"index, follow, max-snippet:-1, max-image-preview:large, max-video-preview:-1\" \/>\n<link rel=\"canonical\" href=\"https:\/\/xn--diewrnergrtner-eib6z.de\/produkte\/erklaerung-barrierefreiheit\/\" \/>\n<meta property=\"og:locale\" content=\"de_DE\" \/>\n<meta property=\"og:type\" content=\"article\" \/>\n<meta property=\"og:title\" content=\"Erkl\u00e4rung zur Barrierefreiheit - Die W\u00f6rnerg\u00e4rtner - Produkte\" \/>\n<meta property=\"og:description\" content=\"Erkl\u00e4rung zur Barrierefreiheit So machen wir unsere Website zug\u00e4nglichDie Betreiber dieser Website m\u00f6chten, dass m\u00f6glichst viele Menschen die Inhalte auf gaertner-gregg.de einfach und selbstbestimmt nutzen k\u00f6nnen. Daher bem\u00fchen wir uns, unsere Website barrierefrei zu gestalten \u2013 entsprechend den gesetzlichen Anforderungen der Barrierefreien-Informationstechnik-Verordnung (BITV 2.0) sowie des Behindertengleichstellungsgesetzes (BGG). Stand der Barrierefreiheit Diese Website ist teilweise [&hellip;]\" \/>\n<meta property=\"og:url\" content=\"https:\/\/xn--diewrnergrtner-eib6z.de\/produkte\/erklaerung-barrierefreiheit\/\" \/>\n<meta property=\"og:site_name\" content=\"Die W\u00f6rnerg\u00e4rtner - Produkte\" \/>\n<meta property=\"article:modified_time\" content=\"2025-06-27T08:00:43+00:00\" \/>\n<meta name=\"twitter:card\" content=\"summary_large_image\" \/>\n<script type=\"application\/ld+json\" class=\"yoast-schema-graph\">{\"@context\":\"https:\/\/schema.org\",\"@graph\":[{\"@type\":\"WebPage\",\"@id\":\"https:\/\/xn--diewrnergrtner-eib6z.de\/produkte\/erklaerung-barrierefreiheit\/\",\"url\":\"https:\/\/xn--diewrnergrtner-eib6z.de\/produkte\/erklaerung-barrierefreiheit\/\",\"name\":\"Erkl\u00e4rung zur Barrierefreiheit - Die W\u00f6rnerg\u00e4rtner - Produkte\",\"isPartOf\":{\"@id\":\"https:\/\/xn--diewrnergrtner-eib6z.de\/produkte\/#website\"},\"datePublished\":\"2025-06-27T07:55:01+00:00\",\"dateModified\":\"2025-06-27T08:00:43+00:00\",\"breadcrumb\":{\"@id\":\"https:\/\/xn--diewrnergrtner-eib6z.de\/produkte\/erklaerung-barrierefreiheit\/#breadcrumb\"},\"inLanguage\":\"de\",\"potentialAction\":[{\"@type\":\"ReadAction\",\"target\":[\"https:\/\/xn--diewrnergrtner-eib6z.de\/produkte\/erklaerung-barrierefreiheit\/\"]}]},{\"@type\":\"BreadcrumbList\",\"@id\":\"https:\/\/xn--diewrnergrtner-eib6z.de\/produkte\/erklaerung-barrierefreiheit\/#breadcrumb\",\"itemListElement\":[{\"@type\":\"ListItem\",\"position\":1,\"name\":\"Startseite\",\"item\":\"https:\/\/xn--diewrnergrtner-eib6z.de\/produkte\/\"},{\"@type\":\"ListItem\",\"position\":2,\"name\":\"Erkl\u00e4rung zur Barrierefreiheit\"}]},{\"@type\":\"WebSite\",\"@id\":\"https:\/\/xn--diewrnergrtner-eib6z.de\/produkte\/#website\",\"url\":\"https:\/\/xn--diewrnergrtner-eib6z.de\/produkte\/\",\"name\":\"Die W\u00f6rnerg\u00e4rtner - Produkte\",\"description\":\"\",\"potentialAction\":[{\"@type\":\"SearchAction\",\"target\":{\"@type\":\"EntryPoint\",\"urlTemplate\":\"https:\/\/xn--diewrnergrtner-eib6z.de\/produkte\/?s={search_term_string}\"},\"query-input\":{\"@type\":\"PropertyValueSpecification\",\"valueRequired\":true,\"valueName\":\"search_term_string\"}}],\"inLanguage\":\"de\"}]}<\/script>\n<!-- \/ Yoast SEO plugin. -->","yoast_head_json":{"title":"Erkl\u00e4rung zur Barrierefreiheit - Die W\u00f6rnerg\u00e4rtner - Produkte","robots":{"index":"index","follow":"follow","max-snippet":"max-snippet:-1","max-image-preview":"max-image-preview:large","max-video-preview":"max-video-preview:-1"},"canonical":"https:\/\/xn--diewrnergrtner-eib6z.de\/produkte\/erklaerung-barrierefreiheit\/","og_locale":"de_DE","og_type":"article","og_title":"Erkl\u00e4rung zur Barrierefreiheit - Die W\u00f6rnerg\u00e4rtner - Produkte","og_description":"Erkl\u00e4rung zur Barrierefreiheit So machen wir unsere Website zug\u00e4nglichDie Betreiber dieser Website m\u00f6chten, dass m\u00f6glichst viele Menschen die Inhalte auf gaertner-gregg.de einfach und selbstbestimmt nutzen k\u00f6nnen. Daher bem\u00fchen wir uns, unsere Website barrierefrei zu gestalten \u2013 entsprechend den gesetzlichen Anforderungen der Barrierefreien-Informationstechnik-Verordnung (BITV 2.0) sowie des Behindertengleichstellungsgesetzes (BGG). Stand der Barrierefreiheit Diese Website ist teilweise [&hellip;]","og_url":"https:\/\/xn--diewrnergrtner-eib6z.de\/produkte\/erklaerung-barrierefreiheit\/","og_site_name":"Die W\u00f6rnerg\u00e4rtner - Produkte","article_modified_time":"2025-06-27T08:00:43+00:00","twitter_card":"summary_large_image","schema":{"@context":"https:\/\/schema.org","@graph":[{"@type":"WebPage","@id":"https:\/\/xn--diewrnergrtner-eib6z.de\/produkte\/erklaerung-barrierefreiheit\/","url":"https:\/\/xn--diewrnergrtner-eib6z.de\/produkte\/erklaerung-barrierefreiheit\/","name":"Erkl\u00e4rung zur Barrierefreiheit - Die W\u00f6rnerg\u00e4rtner - Produkte","isPartOf":{"@id":"https:\/\/xn--diewrnergrtner-eib6z.de\/produkte\/#website"},"datePublished":"2025-06-27T07:55:01+00:00","dateModified":"2025-06-27T08:00:43+00:00","breadcrumb":{"@id":"https:\/\/xn--diewrnergrtner-eib6z.de\/produkte\/erklaerung-barrierefreiheit\/#breadcrumb"},"inLanguage":"de","potentialAction":[{"@type":"ReadAction","target":["https:\/\/xn--diewrnergrtner-eib6z.de\/produkte\/erklaerung-barrierefreiheit\/"]}]},{"@type":"BreadcrumbList","@id":"https:\/\/xn--diewrnergrtner-eib6z.de\/produkte\/erklaerung-barrierefreiheit\/#breadcrumb","itemListElement":[{"@type":"ListItem","position":1,"name":"Startseite","item":"https:\/\/xn--diewrnergrtner-eib6z.de\/produkte\/"},{"@type":"ListItem","position":2,"name":"Erkl\u00e4rung zur Barrierefreiheit"}]},{"@type":"WebSite","@id":"https:\/\/xn--diewrnergrtner-eib6z.de\/produkte\/#website","url":"https:\/\/xn--diewrnergrtner-eib6z.de\/produkte\/","name":"Die W\u00f6rnerg\u00e4rtner - Produkte","description":"","potentialAction":[{"@type":"SearchAction","target":{"@type":"EntryPoint","urlTemplate":"https:\/\/xn--diewrnergrtner-eib6z.de\/produkte\/?s={search_term_string}"},"query-input":{"@type":"PropertyValueSpecification","valueRequired":true,"valueName":"search_term_string"}}],"inLanguage":"de"}]}},"_links":{"self":[{"href":"https:\/\/xn--diewrnergrtner-eib6z.de\/produkte\/wp-json\/wp\/v2\/pages\/31954","targetHints":{"allow":["GET"]}}],"collection":[{"href":"https:\/\/xn--diewrnergrtner-eib6z.de\/produkte\/wp-json\/wp\/v2\/pages"}],"about":[{"href":"https:\/\/xn--diewrnergrtner-eib6z.de\/produkte\/wp-json\/wp\/v2\/types\/page"}],"author":[{"embeddable":true,"href":"https:\/\/xn--diewrnergrtner-eib6z.de\/produkte\/wp-json\/wp\/v2\/users\/2"}],"replies":[{"embeddable":true,"href":"https:\/\/xn--diewrnergrtner-eib6z.de\/produkte\/wp-json\/wp\/v2\/comments?post=31954"}],"version-history":[{"count":3,"href":"https:\/\/xn--diewrnergrtner-eib6z.de\/produkte\/wp-json\/wp\/v2\/pages\/31954\/revisions"}],"predecessor-version":[{"id":31958,"href":"https:\/\/xn--diewrnergrtner-eib6z.de\/produkte\/wp-json\/wp\/v2\/pages\/31954\/revisions\/31958"}],"wp:attachment":[{"href":"https:\/\/xn--diewrnergrtner-eib6z.de\/produkte\/wp-json\/wp\/v2\/media?parent=31954"}],"curies":[{"name":"wp","href":"https:\/\/api.w.org\/{rel}","templated":true}]}}