{"id":31946,"date":"2025-06-27T09:48:00","date_gmt":"2025-06-27T07:48:00","guid":{"rendered":"https:\/\/xn--diewrnergrtner-eib6z.de\/produkte\/?page_id=31946"},"modified":"2025-06-27T10:10:45","modified_gmt":"2025-06-27T08:10:45","slug":"leichte-sprache","status":"publish","type":"page","link":"https:\/\/xn--diewrnergrtner-eib6z.de\/produkte\/leichte-sprache\/","title":{"rendered":"Leichte Sprache"},"content":{"rendered":"<p>[et_pb_section fb_built=&#8220;1&#8243; admin_label=&#8220;Header&#8220; _builder_version=&#8220;4.27.4&#8243; _module_preset=&#8220;default&#8220; use_background_color_gradient=&#8220;on&#8220; background_color_gradient_direction=&#8220;73deg&#8220; background_color_gradient_stops=&#8220;#0076bd 13%|rgba(41,196,169,0) 67%&#8220; background_color_gradient_overlays_image=&#8220;on&#8220; background_color_gradient_start=&#8220;#0076bd&#8220; background_color_gradient_start_position=&#8220;13%&#8220; background_color_gradient_end=&#8220;rgba(41,196,169,0)&#8220; background_color_gradient_end_position=&#8220;67%&#8220; background_image=&#8220;https:\/\/xn--diewrnergrtner-eib6z.de\/produkte\/wp-content\/uploads\/2021\/10\/kunst-bepflanzung-woerner.jpg&#8220; height=&#8220;350px&#8220; height_last_edited=&#8220;off|desktop&#8220; locked=&#8220;off&#8220; global_colors_info=&#8220;{}&#8220;][et_pb_row _builder_version=&#8220;4.16&#8243; _module_preset=&#8220;default&#8220; custom_margin=&#8220;3%||||false|false&#8220; global_colors_info=&#8220;{}&#8220;][et_pb_column type=&#8220;4_4&#8243; _builder_version=&#8220;4.16&#8243; _module_preset=&#8220;default&#8220; global_colors_info=&#8220;{}&#8220;][et_pb_text _builder_version=&#8220;4.27.4&#8243; _module_preset=&#8220;default&#8220; text_font=&#8220;||||||||&#8220; text_font_size=&#8220;20px&#8220; header_font=&#8220;|600|||||||&#8220; header_font_size=&#8220;35px&#8220; background_layout=&#8220;dark&#8220; width=&#8220;75%&#8220; header_font_size_tablet=&#8220;&#8220; header_font_size_phone=&#8220;25px&#8220; header_font_size_last_edited=&#8220;on|phone&#8220; global_colors_info=&#8220;{}&#8220;]<\/p>\n<h1>Inhalte in Leichter Sprache<\/h1>\n<p>Informationen f\u00fcr alle Menschen<\/p>\n<p>[\/et_pb_text][\/et_pb_column][\/et_pb_row][\/et_pb_section][et_pb_section fb_built=&#8220;1&#8243; _builder_version=&#8220;4.27.4&#8243; _module_preset=&#8220;default&#8220; global_colors_info=&#8220;{}&#8220;][et_pb_row _builder_version=&#8220;4.27.4&#8243; _module_preset=&#8220;default&#8220; global_colors_info=&#8220;{}&#8220;][et_pb_column type=&#8220;4_4&#8243; _builder_version=&#8220;4.27.4&#8243; _module_preset=&#8220;default&#8220; global_colors_info=&#8220;{}&#8220;][et_pb_text _builder_version=&#8220;4.27.4&#8243; _module_preset=&#8220;default&#8220; hover_enabled=&#8220;0&#8243; global_colors_info=&#8220;{}&#8220; sticky_enabled=&#8220;0&#8243;]<\/p>\n<h2>Wer sind wir?<\/h2>\n<p>Wir sind<strong><span> Die W\u00f6rner G\u00e4rtner<\/span><\/strong><\/p>\n<p>Wir sind eine Firma f\u00fcr<span>\u00a0<\/span><strong>Raumbegr\u00fcnung<\/strong><span>\u00a0<\/span>in<span>\u00a0<\/span>der<strong> Region Augsburg<\/strong>.<br \/>\nDas hei\u00dft: Wir bringen<span>\u00a0<\/span><strong>Pflanzen<\/strong><span>\u00a0<\/span>in H\u00e4user und R\u00e4ume.<\/p>\n<h2>Was machen wir?<\/h2>\n<p>Wir k\u00fcmmern uns um Pflanzen in Innenr\u00e4umen.<\/p>\n<p>Zum Beispiel:<\/p>\n<ul>\n<li><strong>Moosbilder<\/strong><span>\u00a0<\/span>und<span>\u00a0<\/span><strong>Moosw\u00e4nde<\/strong><span>\u00a0<\/span>\u2013 das sind Bilder oder W\u00e4nde aus Pflanzenmoos<\/li>\n<li><strong>Pflanzenpflege<\/strong><span>\u00a0<\/span>f\u00fcr B\u00fcros oder L\u00e4den \u2013 wir gie\u00dfen und pflegen Pflanzen regelm\u00e4\u00dfig<\/li>\n<li><strong>Hydrokultur<\/strong>-L\u00f6sungen \u2013 das sind Pflanzen, die ohne Erde in Wasser wachsen<\/li>\n<li><strong>Pflanzen f\u00fcr Balkon oder Terrasse<\/strong><\/li>\n<\/ul>\n<h2>Warum machen wir das?<\/h2>\n<p>Pflanzen in R\u00e4umen haben viele Vorteile:<\/p>\n<ul>\n<li>Sie verbessern das<span>\u00a0<\/span><strong>Raumklima<\/strong><span>\u00a0<\/span>\u2013 die Luft wird frisch<\/li>\n<li>Sie helfen beim<span>\u00a0<\/span><strong>Entspannen<\/strong><span>\u00a0<\/span>und reduzieren Stress<\/li>\n<li>Sie lassen R\u00e4ume<strong><span>\u00a0<\/span>freundlicher und sch\u00f6ner<\/strong><span>\u00a0<\/span>aussehen<\/li>\n<li>Manche Pflanzen helfen sogar gegen<strong><span>\u00a0<\/span>laute Ger\u00e4usche<\/strong><\/li>\n<\/ul>\n<h2>Wer kann zu uns kommen?<\/h2>\n<ul>\n<li><strong>Firmen<\/strong>, die B\u00fcros oder L\u00e4den haben<\/li>\n<li>Menschen, die Pflanzen f\u00fcr ihr<span>\u00a0<\/span><strong>Zuhause<\/strong><span>\u00a0<\/span>m\u00f6chten<\/li>\n<li>Wer<span>\u00a0<\/span><strong>K\u00fcbelpflanzen<\/strong><span>\u00a0<\/span>(gro\u00dfe Blumen im Topf) \u00fcberwintern will<\/li>\n<li>Wer<span>\u00a0<\/span><strong>Moosbilder<\/strong><span>\u00a0<\/span>f\u00fcr sein Zuhause oder B\u00fcro m\u00f6chte<\/li>\n<\/ul>\n<h2>Wie erreichen Sie uns?<\/h2>\n<p><strong>Adresse:<br \/>\n<\/strong>Herbert W\u00f6rner G\u00e4rtnerei GmbH<br \/>\nBenzstra\u00dfe 4<br \/>\n86420 Diedorf \/ Lettenbach<br \/>\nTel: <a href=\"tel:0821%20488 940\" title=\"Die W\u00f6rnerg\u00e4rtner anrufen\">0821 488 940<\/a><br \/>\nE-Mail: <a href=\"mailto:innenraumbegruenung@diewoernergaertner.de\" title=\"E-Mail Die W\u00f6rnerg\u00e4rtner\">innenraumbegruenung@diewoernergaertner.de<\/a><\/p>\n<p>Wir beraten Sie gern,<br \/>\nwenn Sie Fragen zur Begr\u00fcnung haben.<br \/>\nOb f\u00fcr drinnen oder drau\u00dfen.<\/p>\n<h2>Kurz gesagt<\/h2>\n<p>Die W\u00f6rnerg\u00e4rtner bringen Pflanzen in H\u00e4user und B\u00fcros.<br \/>\nWir machen<span>\u00a0<\/span><strong>Pflanzenbilder<\/strong><span>\u00a0<\/span>und pflegen Pflanzen.<br \/>\nUnsere Arbeit sorgt f\u00fcr gr\u00fcne, gesunde R\u00e4ume.<br \/>\nRufen Sie uns an \u2013 wir beraten Sie gern!<\/p>\n<p>&nbsp;<\/p>\n<p>Stand: 27. Juni 2025[\/et_pb_text][\/et_pb_column][\/et_pb_row][\/et_pb_section]<\/p>\n","protected":false},"excerpt":{"rendered":"<p>Inhalte in Leichter Sprache Informationen f\u00fcr alle MenschenWer sind wir? Wir sind Die W\u00f6rner G\u00e4rtner Wir sind eine Firma f\u00fcr\u00a0Raumbegr\u00fcnung\u00a0in\u00a0der Region Augsburg. Das hei\u00dft: Wir bringen\u00a0Pflanzen\u00a0in H\u00e4user und R\u00e4ume. Was machen wir? Wir k\u00fcmmern uns um Pflanzen in Innenr\u00e4umen. Zum Beispiel: Moosbilder\u00a0und\u00a0Moosw\u00e4nde\u00a0\u2013 das sind Bilder oder W\u00e4nde aus Pflanzenmoos Pflanzenpflege\u00a0f\u00fcr B\u00fcros oder L\u00e4den \u2013 wir [&hellip;]<\/p>\n","protected":false},"author":2,"featured_media":0,"parent":0,"menu_order":0,"comment_status":"closed","ping_status":"closed","template":"","meta":{"_et_pb_use_builder":"on","_et_pb_old_content":"","_et_gb_content_width":"","footnotes":""},"class_list":["post-31946","page","type-page","status-publish","hentry"],"yoast_head":"<!-- This site is optimized with the Yoast SEO plugin v27.1.1 - https:\/\/yoast.com\/product\/yoast-seo-wordpress\/ -->\n<title>Leichte Sprache - Die W\u00f6rnerg\u00e4rtner - Produkte<\/title>\n<meta name=\"robots\" content=\"index, follow, max-snippet:-1, max-image-preview:large, max-video-preview:-1\" \/>\n<link rel=\"canonical\" href=\"https:\/\/xn--diewrnergrtner-eib6z.de\/produkte\/leichte-sprache\/\" \/>\n<meta property=\"og:locale\" content=\"de_DE\" \/>\n<meta property=\"og:type\" content=\"article\" \/>\n<meta property=\"og:title\" content=\"Leichte Sprache - Die W\u00f6rnerg\u00e4rtner - Produkte\" \/>\n<meta property=\"og:description\" content=\"Inhalte in Leichter Sprache Informationen f\u00fcr alle MenschenWer sind wir? Wir sind Die W\u00f6rner G\u00e4rtner Wir sind eine Firma f\u00fcr\u00a0Raumbegr\u00fcnung\u00a0in\u00a0der Region Augsburg. Das hei\u00dft: Wir bringen\u00a0Pflanzen\u00a0in H\u00e4user und R\u00e4ume. Was machen wir? Wir k\u00fcmmern uns um Pflanzen in Innenr\u00e4umen. Zum Beispiel: Moosbilder\u00a0und\u00a0Moosw\u00e4nde\u00a0\u2013 das sind Bilder oder W\u00e4nde aus Pflanzenmoos Pflanzenpflege\u00a0f\u00fcr B\u00fcros oder L\u00e4den \u2013 wir [&hellip;]\" \/>\n<meta property=\"og:url\" content=\"https:\/\/xn--diewrnergrtner-eib6z.de\/produkte\/leichte-sprache\/\" \/>\n<meta property=\"og:site_name\" content=\"Die W\u00f6rnerg\u00e4rtner - Produkte\" \/>\n<meta property=\"article:modified_time\" content=\"2025-06-27T08:10:45+00:00\" \/>\n<meta name=\"twitter:card\" content=\"summary_large_image\" \/>\n<script type=\"application\/ld+json\" class=\"yoast-schema-graph\">{\"@context\":\"https:\/\/schema.org\",\"@graph\":[{\"@type\":\"WebPage\",\"@id\":\"https:\/\/xn--diewrnergrtner-eib6z.de\/produkte\/leichte-sprache\/\",\"url\":\"https:\/\/xn--diewrnergrtner-eib6z.de\/produkte\/leichte-sprache\/\",\"name\":\"Leichte Sprache - Die W\u00f6rnerg\u00e4rtner - Produkte\",\"isPartOf\":{\"@id\":\"https:\/\/xn--diewrnergrtner-eib6z.de\/produkte\/#website\"},\"datePublished\":\"2025-06-27T07:48:00+00:00\",\"dateModified\":\"2025-06-27T08:10:45+00:00\",\"breadcrumb\":{\"@id\":\"https:\/\/xn--diewrnergrtner-eib6z.de\/produkte\/leichte-sprache\/#breadcrumb\"},\"inLanguage\":\"de\",\"potentialAction\":[{\"@type\":\"ReadAction\",\"target\":[\"https:\/\/xn--diewrnergrtner-eib6z.de\/produkte\/leichte-sprache\/\"]}]},{\"@type\":\"BreadcrumbList\",\"@id\":\"https:\/\/xn--diewrnergrtner-eib6z.de\/produkte\/leichte-sprache\/#breadcrumb\",\"itemListElement\":[{\"@type\":\"ListItem\",\"position\":1,\"name\":\"Startseite\",\"item\":\"https:\/\/xn--diewrnergrtner-eib6z.de\/produkte\/\"},{\"@type\":\"ListItem\",\"position\":2,\"name\":\"Leichte Sprache\"}]},{\"@type\":\"WebSite\",\"@id\":\"https:\/\/xn--diewrnergrtner-eib6z.de\/produkte\/#website\",\"url\":\"https:\/\/xn--diewrnergrtner-eib6z.de\/produkte\/\",\"name\":\"Die W\u00f6rnerg\u00e4rtner - Produkte\",\"description\":\"\",\"potentialAction\":[{\"@type\":\"SearchAction\",\"target\":{\"@type\":\"EntryPoint\",\"urlTemplate\":\"https:\/\/xn--diewrnergrtner-eib6z.de\/produkte\/?s={search_term_string}\"},\"query-input\":{\"@type\":\"PropertyValueSpecification\",\"valueRequired\":true,\"valueName\":\"search_term_string\"}}],\"inLanguage\":\"de\"}]}<\/script>\n<!-- \/ Yoast SEO plugin. -->","yoast_head_json":{"title":"Leichte Sprache - Die W\u00f6rnerg\u00e4rtner - Produkte","robots":{"index":"index","follow":"follow","max-snippet":"max-snippet:-1","max-image-preview":"max-image-preview:large","max-video-preview":"max-video-preview:-1"},"canonical":"https:\/\/xn--diewrnergrtner-eib6z.de\/produkte\/leichte-sprache\/","og_locale":"de_DE","og_type":"article","og_title":"Leichte Sprache - Die W\u00f6rnerg\u00e4rtner - Produkte","og_description":"Inhalte in Leichter Sprache Informationen f\u00fcr alle MenschenWer sind wir? Wir sind Die W\u00f6rner G\u00e4rtner Wir sind eine Firma f\u00fcr\u00a0Raumbegr\u00fcnung\u00a0in\u00a0der Region Augsburg. Das hei\u00dft: Wir bringen\u00a0Pflanzen\u00a0in H\u00e4user und R\u00e4ume. Was machen wir? Wir k\u00fcmmern uns um Pflanzen in Innenr\u00e4umen. Zum Beispiel: Moosbilder\u00a0und\u00a0Moosw\u00e4nde\u00a0\u2013 das sind Bilder oder W\u00e4nde aus Pflanzenmoos Pflanzenpflege\u00a0f\u00fcr B\u00fcros oder L\u00e4den \u2013 wir [&hellip;]","og_url":"https:\/\/xn--diewrnergrtner-eib6z.de\/produkte\/leichte-sprache\/","og_site_name":"Die W\u00f6rnerg\u00e4rtner - Produkte","article_modified_time":"2025-06-27T08:10:45+00:00","twitter_card":"summary_large_image","schema":{"@context":"https:\/\/schema.org","@graph":[{"@type":"WebPage","@id":"https:\/\/xn--diewrnergrtner-eib6z.de\/produkte\/leichte-sprache\/","url":"https:\/\/xn--diewrnergrtner-eib6z.de\/produkte\/leichte-sprache\/","name":"Leichte Sprache - Die W\u00f6rnerg\u00e4rtner - Produkte","isPartOf":{"@id":"https:\/\/xn--diewrnergrtner-eib6z.de\/produkte\/#website"},"datePublished":"2025-06-27T07:48:00+00:00","dateModified":"2025-06-27T08:10:45+00:00","breadcrumb":{"@id":"https:\/\/xn--diewrnergrtner-eib6z.de\/produkte\/leichte-sprache\/#breadcrumb"},"inLanguage":"de","potentialAction":[{"@type":"ReadAction","target":["https:\/\/xn--diewrnergrtner-eib6z.de\/produkte\/leichte-sprache\/"]}]},{"@type":"BreadcrumbList","@id":"https:\/\/xn--diewrnergrtner-eib6z.de\/produkte\/leichte-sprache\/#breadcrumb","itemListElement":[{"@type":"ListItem","position":1,"name":"Startseite","item":"https:\/\/xn--diewrnergrtner-eib6z.de\/produkte\/"},{"@type":"ListItem","position":2,"name":"Leichte Sprache"}]},{"@type":"WebSite","@id":"https:\/\/xn--diewrnergrtner-eib6z.de\/produkte\/#website","url":"https:\/\/xn--diewrnergrtner-eib6z.de\/produkte\/","name":"Die W\u00f6rnerg\u00e4rtner - Produkte","description":"","potentialAction":[{"@type":"SearchAction","target":{"@type":"EntryPoint","urlTemplate":"https:\/\/xn--diewrnergrtner-eib6z.de\/produkte\/?s={search_term_string}"},"query-input":{"@type":"PropertyValueSpecification","valueRequired":true,"valueName":"search_term_string"}}],"inLanguage":"de"}]}},"_links":{"self":[{"href":"https:\/\/xn--diewrnergrtner-eib6z.de\/produkte\/wp-json\/wp\/v2\/pages\/31946","targetHints":{"allow":["GET"]}}],"collection":[{"href":"https:\/\/xn--diewrnergrtner-eib6z.de\/produkte\/wp-json\/wp\/v2\/pages"}],"about":[{"href":"https:\/\/xn--diewrnergrtner-eib6z.de\/produkte\/wp-json\/wp\/v2\/types\/page"}],"author":[{"embeddable":true,"href":"https:\/\/xn--diewrnergrtner-eib6z.de\/produkte\/wp-json\/wp\/v2\/users\/2"}],"replies":[{"embeddable":true,"href":"https:\/\/xn--diewrnergrtner-eib6z.de\/produkte\/wp-json\/wp\/v2\/comments?post=31946"}],"version-history":[{"count":6,"href":"https:\/\/xn--diewrnergrtner-eib6z.de\/produkte\/wp-json\/wp\/v2\/pages\/31946\/revisions"}],"predecessor-version":[{"id":31962,"href":"https:\/\/xn--diewrnergrtner-eib6z.de\/produkte\/wp-json\/wp\/v2\/pages\/31946\/revisions\/31962"}],"wp:attachment":[{"href":"https:\/\/xn--diewrnergrtner-eib6z.de\/produkte\/wp-json\/wp\/v2\/media?parent=31946"}],"curies":[{"name":"wp","href":"https:\/\/api.w.org\/{rel}","templated":true}]}}