{"id":31744,"date":"2024-12-16T12:32:20","date_gmt":"2024-12-16T11:32:20","guid":{"rendered":"https:\/\/xn--diewrnergrtner-eib6z.de\/produkte\/?page_id=31744"},"modified":"2024-12-16T13:23:22","modified_gmt":"2024-12-16T12:23:22","slug":"produkte","status":"publish","type":"page","link":"https:\/\/xn--diewrnergrtner-eib6z.de\/produkte\/","title":{"rendered":"Start"},"content":{"rendered":"\n[et_pb_section fb_built=&#8220;1&#8243; _builder_version=&#8220;4.16&#8243; _module_preset=&#8220;default&#8220; use_background_color_gradient=&#8220;on&#8220; background_color_gradient_direction=&#8220;87deg&#8220; background_color_gradient_stops=&#8220;#0076bd 10%|rgba(41,196,169,0) 60%&#8220; background_color_gradient_overlays_image=&#8220;on&#8220; background_color_gradient_start=&#8220;#0076bd&#8220; background_color_gradient_start_position=&#8220;10%&#8220; background_color_gradient_end=&#8220;rgba(41,196,169,0)&#8220; background_color_gradient_end_position=&#8220;60%&#8220; background_image=&#8220;https:\/\/xn--diewrnergrtner-eib6z.de\/produkte\/wp-content\/uploads\/2021\/09\/woerner_raumbegruener_header.jpg&#8220; height=&#8220;500px&#8220; height_tablet=&#8220;&#8220; height_phone=&#8220;&#8220; height_last_edited=&#8220;on|phone&#8220; background_last_edited=&#8220;on|phone&#8220; use_background_color_gradient_phone=&#8220;on&#8220; background_color_gradient_stops_phone=&#8220;#0076bd 10%|rgba(10,1,1,0.22) 60%&#8220; background_color_gradient_end_phone=&#8220;rgba(10,1,1,0.22)&#8220; locked=&#8220;off&#8220; global_colors_info=&#8220;{}&#8220;][et_pb_row _builder_version=&#8220;4.16&#8243; _module_preset=&#8220;default&#8220; custom_margin=&#8220;3%||||false|false&#8220; global_colors_info=&#8220;{}&#8220;][et_pb_column type=&#8220;4_4&#8243; _builder_version=&#8220;4.16&#8243; _module_preset=&#8220;default&#8220; global_colors_info=&#8220;{}&#8220;][et_pb_text _builder_version=&#8220;4.16&#8243; _module_preset=&#8220;default&#8220; text_font=&#8220;||||||||&#8220; text_font_size=&#8220;21px&#8220; header_font=&#8220;||||||||&#8220; header_font_size=&#8220;35px&#8220; background_layout=&#8220;dark&#8220; global_colors_info=&#8220;{}&#8220;]<h1>DA W\u00e4CHST LEBENSFREUDE.<\/h1>\n<p>Unsere vielf\u00e4ltigen Produkte.<\/p>[\/et_pb_text][\/et_pb_column][\/et_pb_row][\/et_pb_section][et_pb_section fb_built=&#8220;1&#8243; _builder_version=&#8220;4.27.2&#8243; _module_preset=&#8220;default&#8220; hover_enabled=&#8220;0&#8243; global_colors_info=&#8220;{}&#8220; custom_padding=&#8220;0px||||false|false&#8220; sticky_enabled=&#8220;0&#8243;][et_pb_row _builder_version=&#8220;4.27.2&#8243; _module_preset=&#8220;default&#8220; global_colors_info=&#8220;{}&#8220;][et_pb_column type=&#8220;4_4&#8243; _builder_version=&#8220;4.27.2&#8243; _module_preset=&#8220;default&#8220; global_colors_info=&#8220;{}&#8220;][et_pb_text _builder_version=&#8220;4.27.2&#8243; _module_preset=&#8220;default&#8220; global_colors_info=&#8220;{}&#8220;]    <div id=\"rb-products\" class=\"rbsup\"\n\t\t            data-groupid=\"0\"\n            data-groupslug=\"\"\n\t\t         data-wishlistrecipient=\"innenraumbegruenung@diewoernergaertner.de\"\n         data-groups='{\"gefaesse\":4,\"pflanzen\":15,\"interieur\":11,\"kunstpflanzen\":26,\"0\":19,\"all-in-one\":235,\"all-in-one-1\":235}'\n         data-basespalink=\"\/produkte\/\"\n         data-catalogslink=\"\"\n         data-contactlink=\"\/produkte\/kontakt\/\"\n         data-contactphone=\"0821 488 940\"\n         data-overviewblocks='[{\"name\":\"Gr\\u00fcne W\\u00e4nde\",\"category\":\"pflanzenwaende\",\"route\":\"vertikale-begruenung\",\"image\":\"https:\\\/\\\/xn--diewrnergrtner-eib6z.de\\\/produkte\\\/wp-content\\\/uploads\\\/2024\\\/12\\\/vertikale-begruenungssysteme.jpg\",\"mobileicon\":\"https:\\\/\\\/xn--diewrnergrtner-eib6z.de\\\/produkte\\\/wp-content\\\/uploads\\\/2024\\\/12\\\/Vertikale-Begruenungssysteme.svg\",\"hover\":\"\"},{\"name\":\"Gef\\u00e4\\u00dfe\",\"category\":\"gefaesse\",\"route\":\"pflanzgefaesse\",\"image\":\"https:\\\/\\\/xn--diewrnergrtner-eib6z.de\\\/produkte\\\/wp-content\\\/uploads\\\/2024\\\/12\\\/pflanzgefaesse.jpg\",\"mobileicon\":\"https:\\\/\\\/xn--diewrnergrtner-eib6z.de\\\/produkte\\\/wp-content\\\/uploads\\\/2024\\\/12\\\/Pflanzgefaesse.svg\",\"hover\":\"\"},{\"name\":\"Pflanzenpflege\",\"category\":\"\",\"route\":\"https:\\\/\\\/diewoernergaertner.de\\\/innenraumbegruenung\\\/#pflege\",\"image\":\"https:\\\/\\\/xn--diewrnergrtner-eib6z.de\\\/produkte\\\/wp-content\\\/uploads\\\/2024\\\/12\\\/pflanzenpflege.jpg\",\"mobileicon\":\"https:\\\/\\\/xn--diewrnergrtner-eib6z.de\\\/produkte\\\/wp-content\\\/uploads\\\/2024\\\/12\\\/Pflanzenpflege.svg\",\"hover\":\"\"},{\"name\":\"Pflanzen\",\"category\":\"pflanzen\",\"route\":\"pflanzen\",\"image\":\"https:\\\/\\\/xn--diewrnergrtner-eib6z.de\\\/produkte\\\/wp-content\\\/uploads\\\/2024\\\/12\\\/pflanzen.jpg\",\"mobileicon\":\"https:\\\/\\\/xn--diewrnergrtner-eib6z.de\\\/produkte\\\/wp-content\\\/uploads\\\/2024\\\/12\\\/Pflanzen.svg\",\"hover\":\"\"},{\"name\":\"Kunstpflanzen\",\"category\":\"kunstpflanzen\",\"route\":\"kunstpflanzen\",\"image\":\"https:\\\/\\\/xn--diewrnergrtner-eib6z.de\\\/produkte\\\/wp-content\\\/uploads\\\/2024\\\/12\\\/kunstpflanzen.jpg\",\"mobileicon\":\"https:\\\/\\\/xn--diewrnergrtner-eib6z.de\\\/produkte\\\/wp-content\\\/uploads\\\/2024\\\/12\\\/Kunstpflanzen.svg\",\"hover\":\"\"},{\"name\":\"All-in-One\",\"category\":\"all-in-one\",\"route\":\"arrangements\",\"image\":\"https:\\\/\\\/xn--diewrnergrtner-eib6z.de\\\/produkte\\\/wp-content\\\/uploads\\\/2024\\\/12\\\/all-in-one.jpg\",\"mobileicon\":\"https:\\\/\\\/xn--diewrnergrtner-eib6z.de\\\/produkte\\\/wp-content\\\/uploads\\\/2024\\\/12\\\/All-in-One.svg\",\"hover\":\"\"}]'\n    >\n        <App><\/App>\n    <\/div>\n\n[\/et_pb_text][\/et_pb_column][\/et_pb_row][\/et_pb_section]\n","protected":false},"excerpt":{"rendered":"<p>DA W\u00e4CHST LEBENSFREUDE. Unsere vielf\u00e4ltigen Produkte.    <div id=\"rb-products\" class=\"rbsup\"\n\t\t            data-groupid=\"0\"\n            data-groupslug=\"\"\n\t\t         data-wishlistrecipient=\"innenraumbegruenung@diewoernergaertner.de\"\n         data-groups='{\"gefaesse\":4,\"pflanzen\":15,\"interieur\":11,\"kunstpflanzen\":26,\"0\":19,\"all-in-one\":235,\"all-in-one-1\":235}'\n         data-basespalink=\"\/produkte\/\"\n         data-catalogslink=\"\"\n         data-contactlink=\"\/produkte\/kontakt\/\"\n         data-contactphone=\"0821 488 940\"\n         data-overviewblocks='[{\"name\":\"Gr\\u00fcne W\\u00e4nde\",\"category\":\"pflanzenwaende\",\"route\":\"vertikale-begruenung\",\"image\":\"https:\\\/\\\/xn--diewrnergrtner-eib6z.de\\\/produkte\\\/wp-content\\\/uploads\\\/2024\\\/12\\\/vertikale-begruenungssysteme.jpg\",\"mobileicon\":\"https:\\\/\\\/xn--diewrnergrtner-eib6z.de\\\/produkte\\\/wp-content\\\/uploads\\\/2024\\\/12\\\/Vertikale-Begruenungssysteme.svg\",\"hover\":\"\"},{\"name\":\"Gef\\u00e4\\u00dfe\",\"category\":\"gefaesse\",\"route\":\"pflanzgefaesse\",\"image\":\"https:\\\/\\\/xn--diewrnergrtner-eib6z.de\\\/produkte\\\/wp-content\\\/uploads\\\/2024\\\/12\\\/pflanzgefaesse.jpg\",\"mobileicon\":\"https:\\\/\\\/xn--diewrnergrtner-eib6z.de\\\/produkte\\\/wp-content\\\/uploads\\\/2024\\\/12\\\/Pflanzgefaesse.svg\",\"hover\":\"\"},{\"name\":\"Pflanzenpflege\",\"category\":\"\",\"route\":\"https:\\\/\\\/diewoernergaertner.de\\\/innenraumbegruenung\\\/#pflege\",\"image\":\"https:\\\/\\\/xn--diewrnergrtner-eib6z.de\\\/produkte\\\/wp-content\\\/uploads\\\/2024\\\/12\\\/pflanzenpflege.jpg\",\"mobileicon\":\"https:\\\/\\\/xn--diewrnergrtner-eib6z.de\\\/produkte\\\/wp-content\\\/uploads\\\/2024\\\/12\\\/Pflanzenpflege.svg\",\"hover\":\"\"},{\"name\":\"Pflanzen\",\"category\":\"pflanzen\",\"route\":\"pflanzen\",\"image\":\"https:\\\/\\\/xn--diewrnergrtner-eib6z.de\\\/produkte\\\/wp-content\\\/uploads\\\/2024\\\/12\\\/pflanzen.jpg\",\"mobileicon\":\"https:\\\/\\\/xn--diewrnergrtner-eib6z.de\\\/produkte\\\/wp-content\\\/uploads\\\/2024\\\/12\\\/Pflanzen.svg\",\"hover\":\"\"},{\"name\":\"Kunstpflanzen\",\"category\":\"kunstpflanzen\",\"route\":\"kunstpflanzen\",\"image\":\"https:\\\/\\\/xn--diewrnergrtner-eib6z.de\\\/produkte\\\/wp-content\\\/uploads\\\/2024\\\/12\\\/kunstpflanzen.jpg\",\"mobileicon\":\"https:\\\/\\\/xn--diewrnergrtner-eib6z.de\\\/produkte\\\/wp-content\\\/uploads\\\/2024\\\/12\\\/Kunstpflanzen.svg\",\"hover\":\"\"},{\"name\":\"All-in-One\",\"category\":\"all-in-one\",\"route\":\"arrangements\",\"image\":\"https:\\\/\\\/xn--diewrnergrtner-eib6z.de\\\/produkte\\\/wp-content\\\/uploads\\\/2024\\\/12\\\/all-in-one.jpg\",\"mobileicon\":\"https:\\\/\\\/xn--diewrnergrtner-eib6z.de\\\/produkte\\\/wp-content\\\/uploads\\\/2024\\\/12\\\/All-in-One.svg\",\"hover\":\"\"}]'\n    >\n        <App><\/App>\n    <\/div>\n\n<\/p>\n","protected":false},"author":2,"featured_media":0,"parent":0,"menu_order":0,"comment_status":"closed","ping_status":"closed","template":"","meta":{"_et_pb_use_builder":"on","_et_pb_old_content":"","_et_gb_content_width":"","footnotes":""},"class_list":["post-31744","page","type-page","status-publish","hentry"],"yoast_head":"<!-- This site is optimized with the Yoast SEO plugin v27.1.1 - https:\/\/yoast.com\/product\/yoast-seo-wordpress\/ -->\n<title>Start - Die W\u00f6rnerg\u00e4rtner - Produkte<\/title>\n<meta name=\"robots\" content=\"index, follow, max-snippet:-1, max-image-preview:large, max-video-preview:-1\" \/>\n<link rel=\"canonical\" href=\"https:\/\/xn--diewrnergrtner-eib6z.de\/produkte\/\" \/>\n<meta property=\"og:locale\" content=\"de_DE\" \/>\n<meta property=\"og:type\" content=\"article\" \/>\n<meta property=\"og:title\" content=\"Start - Die W\u00f6rnerg\u00e4rtner - Produkte\" \/>\n<meta property=\"og:description\" content=\"DA W\u00e4CHST LEBENSFREUDE. Unsere vielf\u00e4ltigen Produkte.\" \/>\n<meta property=\"og:url\" content=\"https:\/\/xn--diewrnergrtner-eib6z.de\/produkte\/\" \/>\n<meta property=\"og:site_name\" content=\"Die W\u00f6rnerg\u00e4rtner - Produkte\" \/>\n<meta property=\"article:modified_time\" content=\"2024-12-16T12:23:22+00:00\" \/>\n<meta name=\"twitter:card\" content=\"summary_large_image\" \/>\n<meta name=\"twitter:label1\" content=\"Gesch\u00e4tzte Lesezeit\" \/>\n\t<meta name=\"twitter:data1\" content=\"1\u00a0Minute\" \/>\n<script type=\"application\/ld+json\" class=\"yoast-schema-graph\">{\"@context\":\"https:\/\/schema.org\",\"@graph\":[{\"@type\":\"WebPage\",\"@id\":\"https:\/\/xn--diewrnergrtner-eib6z.de\/produkte\/\",\"url\":\"https:\/\/xn--diewrnergrtner-eib6z.de\/produkte\/\",\"name\":\"Start - Die W\u00f6rnerg\u00e4rtner - Produkte\",\"isPartOf\":{\"@id\":\"https:\/\/xn--diewrnergrtner-eib6z.de\/produkte\/#website\"},\"datePublished\":\"2024-12-16T11:32:20+00:00\",\"dateModified\":\"2024-12-16T12:23:22+00:00\",\"breadcrumb\":{\"@id\":\"https:\/\/xn--diewrnergrtner-eib6z.de\/produkte\/#breadcrumb\"},\"inLanguage\":\"de\",\"potentialAction\":[{\"@type\":\"ReadAction\",\"target\":[\"https:\/\/xn--diewrnergrtner-eib6z.de\/produkte\/\"]}]},{\"@type\":\"BreadcrumbList\",\"@id\":\"https:\/\/xn--diewrnergrtner-eib6z.de\/produkte\/#breadcrumb\",\"itemListElement\":[{\"@type\":\"ListItem\",\"position\":1,\"name\":\"Startseite\",\"item\":\"https:\/\/xn--diewrnergrtner-eib6z.de\/produkte\/\"},{\"@type\":\"ListItem\",\"position\":2,\"name\":\"Start\"}]},{\"@type\":\"WebSite\",\"@id\":\"https:\/\/xn--diewrnergrtner-eib6z.de\/produkte\/#website\",\"url\":\"https:\/\/xn--diewrnergrtner-eib6z.de\/produkte\/\",\"name\":\"Die W\u00f6rnerg\u00e4rtner - Produkte\",\"description\":\"\",\"potentialAction\":[{\"@type\":\"SearchAction\",\"target\":{\"@type\":\"EntryPoint\",\"urlTemplate\":\"https:\/\/xn--diewrnergrtner-eib6z.de\/produkte\/?s={search_term_string}\"},\"query-input\":{\"@type\":\"PropertyValueSpecification\",\"valueRequired\":true,\"valueName\":\"search_term_string\"}}],\"inLanguage\":\"de\"}]}<\/script>\n<!-- \/ Yoast SEO plugin. -->","yoast_head_json":{"title":"Start - Die W\u00f6rnerg\u00e4rtner - Produkte","robots":{"index":"index","follow":"follow","max-snippet":"max-snippet:-1","max-image-preview":"max-image-preview:large","max-video-preview":"max-video-preview:-1"},"canonical":"https:\/\/xn--diewrnergrtner-eib6z.de\/produkte\/","og_locale":"de_DE","og_type":"article","og_title":"Start - Die W\u00f6rnerg\u00e4rtner - Produkte","og_description":"DA W\u00e4CHST LEBENSFREUDE. Unsere vielf\u00e4ltigen Produkte.","og_url":"https:\/\/xn--diewrnergrtner-eib6z.de\/produkte\/","og_site_name":"Die W\u00f6rnerg\u00e4rtner - Produkte","article_modified_time":"2024-12-16T12:23:22+00:00","twitter_card":"summary_large_image","twitter_misc":{"Gesch\u00e4tzte Lesezeit":"1\u00a0Minute"},"schema":{"@context":"https:\/\/schema.org","@graph":[{"@type":"WebPage","@id":"https:\/\/xn--diewrnergrtner-eib6z.de\/produkte\/","url":"https:\/\/xn--diewrnergrtner-eib6z.de\/produkte\/","name":"Start - Die W\u00f6rnerg\u00e4rtner - Produkte","isPartOf":{"@id":"https:\/\/xn--diewrnergrtner-eib6z.de\/produkte\/#website"},"datePublished":"2024-12-16T11:32:20+00:00","dateModified":"2024-12-16T12:23:22+00:00","breadcrumb":{"@id":"https:\/\/xn--diewrnergrtner-eib6z.de\/produkte\/#breadcrumb"},"inLanguage":"de","potentialAction":[{"@type":"ReadAction","target":["https:\/\/xn--diewrnergrtner-eib6z.de\/produkte\/"]}]},{"@type":"BreadcrumbList","@id":"https:\/\/xn--diewrnergrtner-eib6z.de\/produkte\/#breadcrumb","itemListElement":[{"@type":"ListItem","position":1,"name":"Startseite","item":"https:\/\/xn--diewrnergrtner-eib6z.de\/produkte\/"},{"@type":"ListItem","position":2,"name":"Start"}]},{"@type":"WebSite","@id":"https:\/\/xn--diewrnergrtner-eib6z.de\/produkte\/#website","url":"https:\/\/xn--diewrnergrtner-eib6z.de\/produkte\/","name":"Die W\u00f6rnerg\u00e4rtner - Produkte","description":"","potentialAction":[{"@type":"SearchAction","target":{"@type":"EntryPoint","urlTemplate":"https:\/\/xn--diewrnergrtner-eib6z.de\/produkte\/?s={search_term_string}"},"query-input":{"@type":"PropertyValueSpecification","valueRequired":true,"valueName":"search_term_string"}}],"inLanguage":"de"}]}},"_links":{"self":[{"href":"https:\/\/xn--diewrnergrtner-eib6z.de\/produkte\/wp-json\/wp\/v2\/pages\/31744","targetHints":{"allow":["GET"]}}],"collection":[{"href":"https:\/\/xn--diewrnergrtner-eib6z.de\/produkte\/wp-json\/wp\/v2\/pages"}],"about":[{"href":"https:\/\/xn--diewrnergrtner-eib6z.de\/produkte\/wp-json\/wp\/v2\/types\/page"}],"author":[{"embeddable":true,"href":"https:\/\/xn--diewrnergrtner-eib6z.de\/produkte\/wp-json\/wp\/v2\/users\/2"}],"replies":[{"embeddable":true,"href":"https:\/\/xn--diewrnergrtner-eib6z.de\/produkte\/wp-json\/wp\/v2\/comments?post=31744"}],"version-history":[{"count":4,"href":"https:\/\/xn--diewrnergrtner-eib6z.de\/produkte\/wp-json\/wp\/v2\/pages\/31744\/revisions"}],"predecessor-version":[{"id":31765,"href":"https:\/\/xn--diewrnergrtner-eib6z.de\/produkte\/wp-json\/wp\/v2\/pages\/31744\/revisions\/31765"}],"wp:attachment":[{"href":"https:\/\/xn--diewrnergrtner-eib6z.de\/produkte\/wp-json\/wp\/v2\/media?parent=31744"}],"curies":[{"name":"wp","href":"https:\/\/api.w.org\/{rel}","templated":true}]}}